{"id":160,"date":"2016-11-01T12:07:22","date_gmt":"2016-11-01T12:07:22","guid":{"rendered":"http:\/\/digitale-medien-und-deutsche-auslandsschulen.gei.de\/?page_id=160"},"modified":"2022-12-23T10:15:19","modified_gmt":"2022-12-23T08:15:19","slug":"das-boston","status":"publish","type":"page","link":"https:\/\/digitale-medien-und-deutsche-auslandsschulen.gei.de\/?page_id=160&lang=de","title":{"rendered":"Deutsche Schule Boston"},"content":{"rendered":"<h2>Deutsche Internationale Schule Boston \/ German International School of Boston<\/h2>\n<p>Website:\u00a0<a href=\"http:\/\/www.gisbos.org\/\" target=\"_blank\" rel=\"noopener\">www.gisbos.org<\/a><\/p>\n<p>Die Deutsche Internationale Schule Boston (GISB) ist 2001 als Deutsche Auslandsschule gegr\u00fcndet 2001 und 2013 durch einen internationalen Zweig erweitert.<br \/>\nDie GISB besuchen im Jahr 2016 etwa 230 Sch\u00fclerinnen und Sch\u00fcler ab dem 3. Lebensjahr (Kindergarten &amp; Vorschule) bis zur 12. Klasse die Schule.<\/p>\n<h2>Forschungszeitraum<\/h2>\n<p>14.11. &#8211; 02.12.2016<\/p>\n<h2>Interviews mit<\/h2>\n<ul>\n<li>11 Lehrpersonen<\/li>\n<li>2 Personen der Schulleitung<\/li>\n<li>1 Fachperson der IT-Abteilung<\/li>\n<li>28 Sch\u00fclerinnen und Sch\u00fclern<\/li>\n<\/ul>\n<p><a href=\"http:\/\/digitale-medien-und-deutsche-auslandsschulen.gei.de\/wp-content\/uploads\/2016\/11\/German-School-Boston.jpg\"><img loading=\"lazy\" decoding=\"async\" class=\"alignleft size-medium wp-image-642\" src=\"http:\/\/digitale-medien-und-deutsche-auslandsschulen.gei.de\/wp-content\/uploads\/2016\/11\/German-School-Boston-224x300.jpg\" alt=\"GISB\" width=\"224\" height=\"300\" srcset=\"https:\/\/digitale-medien-und-deutsche-auslandsschulen.gei.de\/wp-content\/uploads\/2016\/11\/German-School-Boston-224x300.jpg 224w, https:\/\/digitale-medien-und-deutsche-auslandsschulen.gei.de\/wp-content\/uploads\/2016\/11\/German-School-Boston-768x1024.jpg 768w\" sizes=\"auto, (max-width: 224px) 100vw, 224px\" \/><\/a> <\/p>\n<p><a href=\"http:\/\/digitale-medien-und-deutsche-auslandsschulen.gei.de\/wp-content\/uploads\/2016\/11\/GISB-Herbst2016.jpg\"><img loading=\"lazy\" decoding=\"async\" class=\"alignnone size-medium wp-image-641\" src=\"http:\/\/digitale-medien-und-deutsche-auslandsschulen.gei.de\/wp-content\/uploads\/2016\/11\/GISB-Herbst2016-300x224.jpg\" alt=\"GISB front\" width=\"300\" height=\"224\" srcset=\"https:\/\/digitale-medien-und-deutsche-auslandsschulen.gei.de\/wp-content\/uploads\/2016\/11\/GISB-Herbst2016-300x224.jpg 300w, https:\/\/digitale-medien-und-deutsche-auslandsschulen.gei.de\/wp-content\/uploads\/2016\/11\/GISB-Herbst2016-1024x768.jpg 1024w\" sizes=\"auto, (max-width: 300px) 100vw, 300px\" \/><\/a> <\/p>\n<p><a href=\"http:\/\/digitale-medien-und-deutsche-auslandsschulen.gei.de\/wp-content\/uploads\/2016\/11\/politische-Mappe.jpg\"><img loading=\"lazy\" decoding=\"async\" class=\"alignleft size-medium wp-image-643\" src=\"http:\/\/digitale-medien-und-deutsche-auslandsschulen.gei.de\/wp-content\/uploads\/2016\/11\/politische-Mappe-300x168.jpg\" alt=\"politische Mappe\" width=\"300\" height=\"168\" srcset=\"https:\/\/digitale-medien-und-deutsche-auslandsschulen.gei.de\/wp-content\/uploads\/2016\/11\/politische-Mappe-300x168.jpg 300w, https:\/\/digitale-medien-und-deutsche-auslandsschulen.gei.de\/wp-content\/uploads\/2016\/11\/politische-Mappe-1024x574.jpg 1024w, https:\/\/digitale-medien-und-deutsche-auslandsschulen.gei.de\/wp-content\/uploads\/2016\/11\/politische-Mappe.jpg 1600w\" sizes=\"auto, (max-width: 300px) 100vw, 300px\" \/><\/a><\/p>\n<p><a href=\"http:\/\/digitale-medien-und-deutsche-auslandsschulen.gei.de\/wp-content\/uploads\/2016\/11\/Lageplan-GISB.jpg\"><img loading=\"lazy\" decoding=\"async\" class=\"alignleft size-medium wp-image-638\" src=\"http:\/\/digitale-medien-und-deutsche-auslandsschulen.gei.de\/wp-content\/uploads\/2016\/11\/Lageplan-GISB-224x300.jpg\" alt=\"Lageplan GISB\" width=\"224\" height=\"300\" srcset=\"https:\/\/digitale-medien-und-deutsche-auslandsschulen.gei.de\/wp-content\/uploads\/2016\/11\/Lageplan-GISB-224x300.jpg 224w, https:\/\/digitale-medien-und-deutsche-auslandsschulen.gei.de\/wp-content\/uploads\/2016\/11\/Lageplan-GISB-768x1024.jpg 768w\" sizes=\"auto, (max-width: 224px) 100vw, 224px\" \/><\/a><\/p>\n<p><a href=\"http:\/\/digitale-medien-und-deutsche-auslandsschulen.gei.de\/wp-content\/uploads\/2016\/11\/Flur-GISB.jpg\"><img loading=\"lazy\" decoding=\"async\" class=\"alignnone size-medium wp-image-639\" src=\"http:\/\/digitale-medien-und-deutsche-auslandsschulen.gei.de\/wp-content\/uploads\/2016\/11\/Flur-GISB-224x300.jpg\" alt=\"Flur GISB\" width=\"224\" height=\"300\" srcset=\"https:\/\/digitale-medien-und-deutsche-auslandsschulen.gei.de\/wp-content\/uploads\/2016\/11\/Flur-GISB-224x300.jpg 224w, https:\/\/digitale-medien-und-deutsche-auslandsschulen.gei.de\/wp-content\/uploads\/2016\/11\/Flur-GISB-768x1024.jpg 768w\" sizes=\"auto, (max-width: 224px) 100vw, 224px\" \/><\/a> <\/p>\n<p><a href=\"http:\/\/digitale-medien-und-deutsche-auslandsschulen.gei.de\/wp-content\/uploads\/2016\/11\/Sch\u00fcler-Kunst-GISB.jpg\"><img loading=\"lazy\" decoding=\"async\" class=\"alignnone size-medium wp-image-640\" src=\"http:\/\/digitale-medien-und-deutsche-auslandsschulen.gei.de\/wp-content\/uploads\/2016\/11\/Sch\u00fcler-Kunst-GISB-224x300.jpg\" alt=\"Ausstellung Sch\u00fclerinnen und Sch\u00fcler GISB\" width=\"224\" height=\"300\" srcset=\"https:\/\/digitale-medien-und-deutsche-auslandsschulen.gei.de\/wp-content\/uploads\/2016\/11\/Sch\u00fcler-Kunst-GISB-224x300.jpg 224w, https:\/\/digitale-medien-und-deutsche-auslandsschulen.gei.de\/wp-content\/uploads\/2016\/11\/Sch\u00fcler-Kunst-GISB-768x1024.jpg 768w\" sizes=\"auto, (max-width: 224px) 100vw, 224px\" \/><\/a> <\/p>\n","protected":false},"excerpt":{"rendered":"<p>Deutsche Internationale Schule Boston \/ German International School of Boston Website:\u00a0www.gisbos.org Die Deutsche Internationale Schule Boston (GISB) ist 2001 als Deutsche Auslandsschule gegr\u00fcndet 2001 und 2013 durch einen internationalen Zweig erweitert. Die GISB besuchen im Jahr 2016 etwa 230 Sch\u00fclerinnen und Sch\u00fcler ab dem 3. Lebensjahr (Kindergarten &amp; Vorschule) bis zur 12. Klasse die Schule. [&hellip;]<\/p>\n","protected":false},"author":3,"featured_media":0,"parent":75,"menu_order":0,"comment_status":"closed","ping_status":"closed","template":"","meta":{"footnotes":""},"class_list":["post-160","page","type-page","status-publish","hentry"],"_links":{"self":[{"href":"https:\/\/digitale-medien-und-deutsche-auslandsschulen.gei.de\/index.php?rest_route=\/wp\/v2\/pages\/160","targetHints":{"allow":["GET"]}}],"collection":[{"href":"https:\/\/digitale-medien-und-deutsche-auslandsschulen.gei.de\/index.php?rest_route=\/wp\/v2\/pages"}],"about":[{"href":"https:\/\/digitale-medien-und-deutsche-auslandsschulen.gei.de\/index.php?rest_route=\/wp\/v2\/types\/page"}],"author":[{"embeddable":true,"href":"https:\/\/digitale-medien-und-deutsche-auslandsschulen.gei.de\/index.php?rest_route=\/wp\/v2\/users\/3"}],"replies":[{"embeddable":true,"href":"https:\/\/digitale-medien-und-deutsche-auslandsschulen.gei.de\/index.php?rest_route=%2Fwp%2Fv2%2Fcomments&post=160"}],"version-history":[{"count":30,"href":"https:\/\/digitale-medien-und-deutsche-auslandsschulen.gei.de\/index.php?rest_route=\/wp\/v2\/pages\/160\/revisions"}],"predecessor-version":[{"id":767,"href":"https:\/\/digitale-medien-und-deutsche-auslandsschulen.gei.de\/index.php?rest_route=\/wp\/v2\/pages\/160\/revisions\/767"}],"up":[{"embeddable":true,"href":"https:\/\/digitale-medien-und-deutsche-auslandsschulen.gei.de\/index.php?rest_route=\/wp\/v2\/pages\/75"}],"wp:attachment":[{"href":"https:\/\/digitale-medien-und-deutsche-auslandsschulen.gei.de\/index.php?rest_route=%2Fwp%2Fv2%2Fmedia&parent=160"}],"curies":[{"name":"wp","href":"https:\/\/api.w.org\/{rel}","templated":true}]}}