{"id":151,"date":"2016-11-01T11:56:04","date_gmt":"2016-11-01T11:56:04","guid":{"rendered":"http:\/\/digitale-medien-und-deutsche-auslandsschulen.gei.de\/?page_id=151"},"modified":"2022-12-23T10:15:19","modified_gmt":"2022-12-23T08:15:19","slug":"deutsche-schule-la-paz","status":"publish","type":"page","link":"https:\/\/digitale-medien-und-deutsche-auslandsschulen.gei.de\/?page_id=151&lang=de","title":{"rendered":"Deutsche Schule La Paz"},"content":{"rendered":"<h2>Colegio Alem\u00e1n &#8220;Mariscal Braun&#8221;<\/h2>\n<p>Bereits 1923 gegr\u00fcndet, ist die Deutsche Schule La Paz die \u00e4lteste Schule in unserem Forschungsprojekt. Auf 3400 m H\u00f6he ist sie au\u00dferdem die am H\u00f6chsten gelegene Deutsche Auslandsschule. Der Kindergarten, die Primaria (Kl. 1-6) und die Sekundaria (Kl. 7-12) sowie eine Deutsche Berufsschule beherbergen insgesamt mehr als 1000 Kinder und Jugendliche.<\/p>\n<p>Website:\u00a0<a title=\"Website der Deutschen Schule La Paz in Bolivien\" href=\"http:\/\/www.ds-lapaz.edu.bo\/\" target=\"_blank\" rel=\"noopener\">www.ds-lapaz.edu.bo<\/a><br \/>\n<!--\n\n\n<h3>Digitale Ausstattung<\/h3>\n\n\n\n\n<ul>\n\t\n\n<li>Interaktive Whiteboards in allen Klassenr\u00e4umen der Sekundarstufe<\/li>\n\n\n\t\n\n<li>4 Computerr\u00e4ume<\/li>\n\n\n\t\n\n<li>jeweils ein Klassensatz iPads und Netbooks<\/li>\n\n\n\t\n\n<li>Raum f\u00fcr Videokonferenzen<\/li>\n\n\n<\/ul>\n\n\n--><\/p>\n<h3>Forschungszeitraum<\/h3>\n<p>12.10.-28.10.2016<\/p>\n<h3>Beobachtete Unterrichtsstunden<\/h3>\n<p>40<\/p>\n<h3>Interviews mit<\/h3>\n<ul>\n<li>13 Lehrpersonen<\/li>\n<li>2 Personen der Schulleitung<\/li>\n<li>1 Fachperson der IT-Abteilung<\/li>\n<li>22 Sch\u00fclerinnen und Sch\u00fclern<\/li>\n<\/ul>\n<h3>Fotos<\/h3>\n<p><a href=\"http:\/\/digitale-medien-und-deutsche-auslandsschulen.gei.de\/wp-content\/uploads\/2016\/11\/Lageplan-Schule.jpg\"><img loading=\"lazy\" decoding=\"async\" class=\"alignleft size-medium wp-image-255\" src=\"http:\/\/digitale-medien-und-deutsche-auslandsschulen.gei.de\/wp-content\/uploads\/2016\/11\/Lageplan-Schule-168x300.jpg\" alt=\"Lageplan Schule\" width=\"168\" height=\"300\" srcset=\"https:\/\/digitale-medien-und-deutsche-auslandsschulen.gei.de\/wp-content\/uploads\/2016\/11\/Lageplan-Schule-168x300.jpg 168w, https:\/\/digitale-medien-und-deutsche-auslandsschulen.gei.de\/wp-content\/uploads\/2016\/11\/Lageplan-Schule-576x1024.jpg 576w, https:\/\/digitale-medien-und-deutsche-auslandsschulen.gei.de\/wp-content\/uploads\/2016\/11\/Lageplan-Schule.jpg 1024w\" sizes=\"auto, (max-width: 168px) 100vw, 168px\" \/><\/a><\/p>\n<p><a href=\"http:\/\/digitale-medien-und-deutsche-auslandsschulen.gei.de\/wp-content\/uploads\/2016\/11\/Schule1.jpg\"><img loading=\"lazy\" decoding=\"async\" class=\"alignnone size-medium wp-image-256\" src=\"http:\/\/digitale-medien-und-deutsche-auslandsschulen.gei.de\/wp-content\/uploads\/2016\/11\/Schule1-300x225.jpg\" alt=\"Deutsche-Schule-La_Paz\" width=\"300\" height=\"225\" srcset=\"https:\/\/digitale-medien-und-deutsche-auslandsschulen.gei.de\/wp-content\/uploads\/2016\/11\/Schule1-300x225.jpg 300w, https:\/\/digitale-medien-und-deutsche-auslandsschulen.gei.de\/wp-content\/uploads\/2016\/11\/Schule1.jpg 1024w\" sizes=\"auto, (max-width: 300px) 100vw, 300px\" \/><\/a><\/p>\n<p><a href=\"http:\/\/digitale-medien-und-deutsche-auslandsschulen.gei.de\/wp-content\/uploads\/2016\/11\/Schule2.jpg\"><img loading=\"lazy\" decoding=\"async\" class=\"alignnone size-medium wp-image-257\" src=\"http:\/\/digitale-medien-und-deutsche-auslandsschulen.gei.de\/wp-content\/uploads\/2016\/11\/Schule2-300x225.jpg\" alt=\"Deutsche-Schule-La_Paz2\" width=\"300\" height=\"225\" srcset=\"https:\/\/digitale-medien-und-deutsche-auslandsschulen.gei.de\/wp-content\/uploads\/2016\/11\/Schule2-300x225.jpg 300w, https:\/\/digitale-medien-und-deutsche-auslandsschulen.gei.de\/wp-content\/uploads\/2016\/11\/Schule2.jpg 1024w\" sizes=\"auto, (max-width: 300px) 100vw, 300px\" \/><\/a><\/p>\n","protected":false},"excerpt":{"rendered":"<p>Colegio Alem\u00e1n &#8220;Mariscal Braun&#8221; Bereits 1923 gegr\u00fcndet, ist die Deutsche Schule La Paz die \u00e4lteste Schule in unserem Forschungsprojekt. Auf 3400 m H\u00f6he ist sie au\u00dferdem die am H\u00f6chsten gelegene Deutsche Auslandsschule. Der Kindergarten, die Primaria (Kl. 1-6) und die Sekundaria (Kl. 7-12) sowie eine Deutsche Berufsschule beherbergen insgesamt mehr als 1000 Kinder und Jugendliche. [&hellip;]<\/p>\n","protected":false},"author":3,"featured_media":0,"parent":12,"menu_order":0,"comment_status":"closed","ping_status":"open","template":"","meta":{"footnotes":""},"class_list":["post-151","page","type-page","status-publish","hentry"],"_links":{"self":[{"href":"https:\/\/digitale-medien-und-deutsche-auslandsschulen.gei.de\/index.php?rest_route=\/wp\/v2\/pages\/151","targetHints":{"allow":["GET"]}}],"collection":[{"href":"https:\/\/digitale-medien-und-deutsche-auslandsschulen.gei.de\/index.php?rest_route=\/wp\/v2\/pages"}],"about":[{"href":"https:\/\/digitale-medien-und-deutsche-auslandsschulen.gei.de\/index.php?rest_route=\/wp\/v2\/types\/page"}],"author":[{"embeddable":true,"href":"https:\/\/digitale-medien-und-deutsche-auslandsschulen.gei.de\/index.php?rest_route=\/wp\/v2\/users\/3"}],"replies":[{"embeddable":true,"href":"https:\/\/digitale-medien-und-deutsche-auslandsschulen.gei.de\/index.php?rest_route=%2Fwp%2Fv2%2Fcomments&post=151"}],"version-history":[{"count":24,"href":"https:\/\/digitale-medien-und-deutsche-auslandsschulen.gei.de\/index.php?rest_route=\/wp\/v2\/pages\/151\/revisions"}],"predecessor-version":[{"id":771,"href":"https:\/\/digitale-medien-und-deutsche-auslandsschulen.gei.de\/index.php?rest_route=\/wp\/v2\/pages\/151\/revisions\/771"}],"up":[{"embeddable":true,"href":"https:\/\/digitale-medien-und-deutsche-auslandsschulen.gei.de\/index.php?rest_route=\/wp\/v2\/pages\/12"}],"wp:attachment":[{"href":"https:\/\/digitale-medien-und-deutsche-auslandsschulen.gei.de\/index.php?rest_route=%2Fwp%2Fv2%2Fmedia&parent=151"}],"curies":[{"name":"wp","href":"https:\/\/api.w.org\/{rel}","templated":true}]}}